{"id":6,"date":"2015-06-25T10:08:42","date_gmt":"2015-06-25T10:08:42","guid":{"rendered":"http:\/\/localhost\/ketoan\/?page_id=6"},"modified":"2017-09-01T05:38:36","modified_gmt":"2017-09-01T05:38:36","slug":"ke-toan-centax-trung-tam-dich-vu-va-dao-tao-ke-toan-uy-tin","status":"publish","type":"page","link":"https:\/\/centax.dsoftware.vn\/","title":{"rendered":"Trang ch\u1ee7"},"content":{"rendered":"<h2 style=\"text-align: justify;\"><span style=\"font-family: helvetica, arial, sans-serif; font-size: 12pt;\">Trang ch\u1ee7 Centax<\/span><\/h2>\n<h2 style=\"text-align: justify;\"><a href=\"https:\/\/centax.dsoftware.vn\/wp-content\/uploads\/2016\/05\/LOGO-moi-02.png\"><img decoding=\"async\" loading=\"lazy\" class=\"aligncenter wp-image-23069 size-medium\" src=\"https:\/\/centax.dsoftware.vn\/wp-content\/uploads\/2016\/05\/LOGO-moi-02-300x98.png\" alt=\"LOGO-moi-02\" width=\"300\" height=\"98\" srcset=\"https:\/\/centax.dsoftware.vn\/wp-content\/uploads\/2016\/05\/LOGO-moi-02-300x98.png 300w, https:\/\/centax.dsoftware.vn\/wp-content\/uploads\/2016\/05\/LOGO-moi-02-1024x336.png 1024w, https:\/\/centax.dsoftware.vn\/wp-content\/uploads\/2016\/05\/LOGO-moi-02.png 1711w\" sizes=\"(max-width: 300px) 100vw, 300px\" \/><\/a><\/h2>\n<h2 style=\"text-align: justify;\"><span style=\"font-family: helvetica, arial, sans-serif; font-size: 12pt;\">C\u00f4ng ty TNHH T\u00c0I CH\u00cdNH K\u1ebe TO\u00c1N THU\u1ebe CENTAX (CENTAX) \u0111\u01b0\u1ee3c th\u00e0nh l\u1eadp v\u00e0 ch\u00ednh th\u1ee9c \u0111i v\u00e0o ho\u1ea1t \u0111\u1ed9ng theo Gi\u1ea5y ch\u1ee9ng nh\u1eadn \u0111\u0103ng k\u00fd doanh nghi\u1ec7p s\u1ed1 0105458799 ng\u00e0y 19\/10\/2011 do S\u1edf K\u1ebf ho\u1ea1ch v\u00e0 \u0110\u1ea7u t\u01b0 Th\u00e0nh ph\u1ed1 H\u00e0 N\u1ed9i c\u1ea5p.V\u1edbi ch\u1ee9c n\u0103ng \u0110\u1ea1i l\u00fd thu\u1ebf v\u00e0 D\u1ecbch v\u1ee5 k\u1ebf to\u00e1n chuy\u00ean nghi\u1ec7p<\/span><\/h2>\n<p style=\"text-align: justify;\"><span style=\"font-family: helvetica, arial, sans-serif; font-size: 12pt;\">\u0110\u01b0\u1ee3c T\u1ed5ng c\u1ee5c Thu\u1ebf c\u1ea5p ch\u1ee9ng nh\u1eadn l\u00e0 \u0110\u1ea1i l\u00fd thu\u1ebf (<a href=\"http:\/\/www.vica.org.vn\/data\/files\/Danh-sach-cong-khai-lan-1-nam-2016.pdf\" target=\"_blank\"> xem Danh s\u00e1ch c\u00e1c \u0110\u1ea1i L\u00fd thu\u1ebf tr\u00ean trang web c\u1ee7a T\u1ed5ng c\u1ee5c Thu\u1ebf<\/a>) v\u00e0 H\u1ed9i k\u1ebf to\u00e1n ki\u1ec3m to\u00e1n Vi\u1ec7t nam x\u00e1c nh\u1eadn l\u00e0 C\u00f4ng ty c\u00f3 \u0111\u1ee7 \u0111i\u1ec1u ki\u1ec7n ho\u1ea1t \u0111\u1ed9ng h\u00e0nh ngh\u1ec1 T\u00e0i ch\u00ednh &#8211; K\u1ebf to\u00e1n (<a href=\"http:\/\/www.vica.org.vn\/tin-tuc\/danh-sach-du-dieu-kien-hanh-nghe-dvkt-67\/danh-sach-doanh-nghiep-ca-nhan-du-dieu-kien-dang-ky-hanh-nghe-lan-12016.html\" target=\"_blank\">xem danh s\u00e1ch c\u00e1c c\u00f4ng ty \u0111\u1ee7 \u0111i\u1ec1u ki\u1ec7n h\u00e0nh ngh\u1ec1 k\u1ebf to\u00e1n trong trang web c\u1ee7a H\u1ed9i k\u1ebf to\u00e1n ki\u1ec3m to\u00e1n Vi\u1ec7t nam<\/a>)\u00a0<\/span><\/p>\n<h2 style=\"text-align: justify;\"><span style=\"font-family: helvetica, arial, sans-serif; font-size: 12pt;\"><strong>Tr\u1ee5 s\u1edf:<\/strong><\/span><\/h2>\n<p style=\"text-align: justify;\"><span style=\"font-family: helvetica, arial, sans-serif; font-size: 12pt;\">\u0110\u1ecba ch\u1ec9 \u0110KKD: 222 D, Ng\u00f5 260, \u0110\u01b0\u1eddng \u0110\u1ed9i C\u1ea5n, Ph\u01b0\u1eddng Li\u1ec5u Giai, Qu\u1eadn Ba \u0110\u00ecnh, H\u00e0 N\u1ed9i<\/span><\/p>\n<p style=\"text-align: justify;\"><span style=\"font-family: helvetica, arial, sans-serif; font-size: 12pt;\">V\u0103n ph\u00f2ng giao d\u1ecbch:<\/span><\/p>\n<p style=\"text-align: justify;\"><span style=\"font-family: helvetica, arial, sans-serif; font-size: 12pt;\">S\u1ed1 7, Ng\u00f5 376 \u0110\u01b0\u1eddng B\u01b0\u1edfi, V\u0129nh Ph\u00fac, Ba \u0110\u00ecnh, H\u00e0 n\u1ed9i<\/span><\/p>\n<p style=\"text-align: justify;\"><span style=\"font-family: helvetica, arial, sans-serif; font-size: 12pt;\">\u0110T : 04 62 53 88 66<\/span><\/p>\n<p style=\"text-align: justify;\"><span style=\"font-family: helvetica, arial, sans-serif; font-size: 12pt;\">Website: \u00a0<a href=\"https:\/\/centax.dsoftware.vn\/\" target=\"_blank\">http\/\/centax.dsoftware.vn<\/a>\u00a0\u00a0\u00a0<\/span><\/p>\n<p style=\"text-align: justify;\"><span style=\"font-family: helvetica, arial, sans-serif; font-size: 12pt;\">Email: ketoancentax@gmail.com<\/span><\/p>\n<p style=\"text-align: justify;\"><span style=\"font-family: helvetica, arial, sans-serif; font-size: 12pt;\">\u00a0\u00a0\u00a0\u00a0\u00a0\u00a0\u00a0\u00a0\u00a0\u00a0\u00a0 taichinhketoanthue@gmai.com<\/span><\/p>\n<p style=\"text-align: justify;\"><span style=\"font-family: helvetica, arial, sans-serif; font-size: 12pt;\">Ng\u01b0\u1eddi li\u00ean h\u1ec7: B\u00e0 B\u00f9i Th\u1ecb L\u1ec7 Ph\u01b0\u01a1ng\u00a0 &#8211; Ch\u1ee7 t\u1ecbch\/ Gi\u00e1m \u0111\u1ed1c\u00a0<\/span><\/p>\n<p style=\"text-align: justify;\"><span style=\"font-family: helvetica, arial, sans-serif; font-size: 12pt;\">\u00a0\u00a0\u00a0\u00a0\u00a0\u00a0\u00a0\u00a0\u00a0\u00a0\u00a0\u00a0\u00a0\u00a0\u00a0\u00a0\u00a0\u00a0\u00a0\u00a0\u00a0\u00a0\u00a0 \u0110TDD:\u00a0\u00a0 091 334 0354<\/span><\/p>\n<p style=\"text-align: justify;\"><span style=\"font-family: helvetica, arial, sans-serif; font-size: 12pt;\">Ho\u1ea1t \u0111\u1ed9ng c\u1ee7a CENTAX tu\u00e2n th\u1ee7 theo Chu\u1ea9n m\u1ef1c ngh\u1ec1 nghi\u1ec7p, ch\u1ecbu s\u1ef1 qu\u1ea3n l\u00fd c\u1ee7a T\u1ed5ng c\u1ee5c thu\u1ebf v\u00e0 B\u1ed9 t\u00e0i ch\u00ednh n\u01b0\u1edbc Vi\u1ec7t Nam.<\/span><\/p>\n<p style=\"text-align: justify;\"><span style=\"font-family: helvetica, arial, sans-serif; font-size: 12pt;\">CENTAX v\u00e0 \u0111\u1ed9i ng\u0169 nh\u00e2n s\u1ef1 c\u1ee7a m\u00ecnh \u0111\u00e3 v\u00e0 \u0111ang th\u1ef1c hi\u1ec7n vi\u1ec7c cung c\u1ea5p c\u00e1c d\u1ecbch v\u1ee5 t\u00e0i ch\u00ednh, k\u1ebf to\u00e1n, thu\u1ebf, v\u00e0 t\u01b0 v\u1ea5n cho h\u00e0ng tr\u0103m kh\u00e1ch h\u00e0ng truy\u1ec1n th\u1ed1ng ho\u1ea1t \u0111\u1ed9ng tr\u00ean ph\u1ea1m vi to\u00e0n l\u00e3nh th\u1ed5 Vi\u1ec7t Nam thu\u1ed9c nhi\u1ec1u l\u0129nh v\u1ef1c.<\/span><\/p>\n<p style=\"text-align: justify;\"><span style=\"font-family: helvetica, arial, sans-serif; font-size: 12pt;\">V\u1edbi s\u1ef1 am hi\u1ec3u v\u1ec1 h\u1ec7 th\u1ed1ng lu\u1eadt ph\u00e1p c\u1ee7a Vi\u1ec7t Nam v\u00e0 s\u1ef1 hi\u1ec3u bi\u1ebft v\u1ec1 \u0111\u1eb7c \u0111i\u1ec3m ho\u1ea1t \u0111\u1ed9ng kinh doanh c\u1ee7a c\u00e1c kh\u00e1ch h\u00e0ng ho\u1ea1t \u0111\u1ed9ng tr\u00ean nhi\u1ec1u l\u0129nh v\u1ef1c, CENTAX lu\u00f4n cam k\u1ebft cung c\u1ea5p m\u1ed9t d\u1ecbch v\u1ee5 t\u1ed1t nh\u1ea5t cho b\u1ea5t k\u1ef3 kh\u00e1ch h\u00e0ng n\u00e0o d\u00f9 l\u00e0 m\u1edbi hay \u0111\u00e3 \u0111\u01b0\u1ee3c CENTAX cung c\u1ea5p d\u1ecbch v\u1ee5 tr\u01b0\u1edbc \u0111\u00f3<\/span><\/p>\n<p><span style=\"font-family: helvetica, arial, sans-serif; font-size: 12pt;\">\u0110\u1ec3 hi\u1ec3u r\u00f5 h\u01a1n n\u1ed9i dung c\u1ee7a c\u00e1c Th\u00f4ng t\u01b0, Ngh\u1ecb \u0111\u1ecbnh m\u1edbi nh\u1ea5t do T\u1ed5ng c\u1ee5c thu\u1ebf ban h\u00e0nh, m\u1eddi c\u00e1c b\u1ea1n tham gia c\u00e1c l\u1edbp <a href=\"https:\/\/centax.dsoftware.vn\/khai-giang-khoa-hoc-ke-toan-tong-hop-co-ban-thang-9-2\/\" target=\"_blank\">K\u1ebfto\u00e1n t\u1ed5ng h\u1ee3p c\u01a1 b\u1ea3n<\/a>, <a href=\"https:\/\/centax.dsoftware.vn\/khai-giang-khoa-hoc-ke-toan-tong-hop-nang-cao-thang-9\/\" target=\"_blank\">K\u1ebf to\u00e1n t\u1ed5ng h\u1ee3p n\u00e2ng cao<\/a> \u0111\u01b0\u1ee3c K\u1ebf to\u00e1n Centax t\u1ed5 ch\u1ee9c th\u01b0\u1eddng xuy\u00ean.<\/span><\/p>\n","protected":false},"excerpt":{"rendered":"<p>Trang ch\u1ee7 Centax C\u00f4ng ty TNHH T\u00c0I CH\u00cdNH K\u1ebe TO\u00c1N THU\u1ebe CENTAX (CENTAX) \u0111\u01b0\u1ee3c th\u00e0nh l\u1eadp v\u00e0 ch\u00ednh th\u1ee9c \u0111i v\u00e0o ho\u1ea1t \u0111\u1ed9ng theo Gi\u1ea5y ch\u1ee9ng nh\u1eadn \u0111\u0103ng k\u00fd doanh nghi\u1ec7p s\u1ed1 0105458799 ng\u00e0y 19\/10\/2011 do S\u1edf K\u1ebf ho\u1ea1ch v\u00e0 \u0110\u1ea7u t\u01b0 Th\u00e0nh ph\u1ed1 H\u00e0 N\u1ed9i c\u1ea5p.V\u1edbi ch\u1ee9c n\u0103ng \u0110\u1ea1i l\u00fd thu\u1ebf v\u00e0 D\u1ecbch v\u1ee5..<\/p>\n","protected":false},"author":7,"featured_media":23069,"parent":0,"menu_order":0,"comment_status":"open","ping_status":"open","template":"","meta":{"footnotes":""},"_links":{"self":[{"href":"https:\/\/centax.dsoftware.vn\/index.php?rest_route=\/wp\/v2\/pages\/6"}],"collection":[{"href":"https:\/\/centax.dsoftware.vn\/index.php?rest_route=\/wp\/v2\/pages"}],"about":[{"href":"https:\/\/centax.dsoftware.vn\/index.php?rest_route=\/wp\/v2\/types\/page"}],"author":[{"embeddable":true,"href":"https:\/\/centax.dsoftware.vn\/index.php?rest_route=\/wp\/v2\/users\/7"}],"replies":[{"embeddable":true,"href":"https:\/\/centax.dsoftware.vn\/index.php?rest_route=%2Fwp%2Fv2%2Fcomments&post=6"}],"version-history":[{"count":0,"href":"https:\/\/centax.dsoftware.vn\/index.php?rest_route=\/wp\/v2\/pages\/6\/revisions"}],"wp:featuredmedia":[{"embeddable":true,"href":"https:\/\/centax.dsoftware.vn\/index.php?rest_route=\/wp\/v2\/media\/23069"}],"wp:attachment":[{"href":"https:\/\/centax.dsoftware.vn\/index.php?rest_route=%2Fwp%2Fv2%2Fmedia&parent=6"}],"curies":[{"name":"wp","href":"https:\/\/api.w.org\/{rel}","templated":true}]}}